{"id":526,"date":"2025-01-14T13:17:58","date_gmt":"2025-01-14T13:17:58","guid":{"rendered":"https:\/\/progeslojistik.com\/?page_id=526"},"modified":"2025-09-09T17:31:35","modified_gmt":"2025-09-09T17:31:35","slug":"iletisim","status":"publish","type":"page","link":"https:\/\/progeslojistik.com\/?page_id=526","title":{"rendered":"\u0130leti\u015fim"},"content":{"rendered":"\n<p>Telefon Numaras\u0131: <br>0 (212) 993-1372<\/p>\n\n\n\n<p>Mail: <a href=\"mailto:info@progeslojistik.com\">info@progeslojistik.com<\/a><br><\/p>\n\n\n\n<p>Adres:<br>Atak\u00f6y 7-8-9-10. K\u0131s\u0131m Mah. \u00c7oban\u00e7e\u015fme E-5 Yanyol Cad. No:20\/1 Atak\u00f6y Towers A Blok Kat:6 \u0130\u00e7 Kap\u0131 No:109 Bak\u0131rk\u00f6y, \u0130stanbul<\/p>\n\n\n\n<div class=\"mapouter\"><div class=\"gmap_canvas\"><iframe src=\"https:\/\/maps.google.com\/maps?q=Atak%C3%B6y%207-8-9-10.%20K%C4%B1s%C4%B1m%20Mah.%20%C3%87oban%C3%A7e%C5%9Fme%20E-5%20Yanyol%20Cad.%20No:20\/1%20Atak%C3%B6y%20Towers%20A%20Blok%20&amp;t=&amp;z=16&amp;ie=UTF8&amp;iwloc=&amp;output=embed\" frameborder=\"0\" scrolling=\"no\" style=\"width: 610px; height: 400px;\"><\/iframe><style>.mapouter{display:table;}.gmap_canvas{overflow:hidden;position:relative;height:400px;width:610px;background:#fff;}<\/style><a href=\"https:\/\/fnfmods.net\">Friday Night Funkin<\/a><style>.gmap_canvas iframe{position:relative !important;z-index:2 !important;}.gmap_canvas a{color:#fff !important;position:absolute !important;top:0 !important;left:0 !important;z-index:0 !important;}<\/style><\/div><\/div>\n\n\n\n<p><\/p>\n","protected":false},"excerpt":{"rendered":"<p>Telefon Numaras\u0131: 0 (212) 993-1372 Mail: info@progeslojistik.com Adres:Atak\u00f6y 7-8-9-10. K\u0131s\u0131m Mah. \u00c7oban\u00e7e\u015fme E-5 Yanyol Cad. No:20\/1 Atak\u00f6y Towers A Blok Kat:6 \u0130\u00e7 Kap\u0131 No:109 Bak\u0131rk\u00f6y, \u0130stanbul Friday Night Funkin<\/p>\n","protected":false},"author":1,"featured_media":0,"parent":0,"menu_order":0,"comment_status":"closed","ping_status":"closed","template":"","meta":{"footnotes":""},"class_list":["post-526","page","type-page","status-publish","hentry"],"yoast_head":"<!-- This site is optimized with the Yoast SEO plugin v24.1 - https:\/\/yoast.com\/wordpress\/plugins\/seo\/ -->\n<title>\u0130leti\u015fim - Proges Lojistik<\/title>\n<meta name=\"robots\" content=\"index, follow, max-snippet:-1, max-image-preview:large, max-video-preview:-1\" \/>\n<link rel=\"canonical\" href=\"https:\/\/progeslojistik.com\/?page_id=526\" \/>\n<meta property=\"og:locale\" content=\"tr_TR\" \/>\n<meta property=\"og:type\" content=\"article\" \/>\n<meta property=\"og:title\" content=\"\u0130leti\u015fim - Proges Lojistik\" \/>\n<meta property=\"og:description\" content=\"Telefon Numaras\u0131: 0 (212) 993-1372 Mail: info@progeslojistik.com Adres:Atak\u00f6y 7-8-9-10. K\u0131s\u0131m Mah. \u00c7oban\u00e7e\u015fme E-5 Yanyol Cad. No:20\/1 Atak\u00f6y Towers A Blok Kat:6 \u0130\u00e7 Kap\u0131 No:109 Bak\u0131rk\u00f6y, \u0130stanbul Friday Night Funkin\" \/>\n<meta property=\"og:url\" content=\"https:\/\/progeslojistik.com\/?page_id=526\" \/>\n<meta property=\"og:site_name\" content=\"Proges Lojistik\" \/>\n<meta property=\"article:modified_time\" content=\"2025-09-09T17:31:35+00:00\" \/>\n<meta name=\"twitter:card\" content=\"summary_large_image\" \/>\n<meta name=\"twitter:label1\" content=\"Tahmini okuma s\u00fcresi\" \/>\n\t<meta name=\"twitter:data1\" content=\"1 dakika\" \/>\n<script type=\"application\/ld+json\" class=\"yoast-schema-graph\">{\"@context\":\"https:\/\/schema.org\",\"@graph\":[{\"@type\":\"WebPage\",\"@id\":\"https:\/\/progeslojistik.com\/?page_id=526\",\"url\":\"https:\/\/progeslojistik.com\/?page_id=526\",\"name\":\"\u0130leti\u015fim - Proges Lojistik\",\"isPartOf\":{\"@id\":\"https:\/\/progeslojistik.com\/#website\"},\"datePublished\":\"2025-01-14T13:17:58+00:00\",\"dateModified\":\"2025-09-09T17:31:35+00:00\",\"breadcrumb\":{\"@id\":\"https:\/\/progeslojistik.com\/?page_id=526#breadcrumb\"},\"inLanguage\":\"tr\",\"potentialAction\":[{\"@type\":\"ReadAction\",\"target\":[\"https:\/\/progeslojistik.com\/?page_id=526\"]}]},{\"@type\":\"BreadcrumbList\",\"@id\":\"https:\/\/progeslojistik.com\/?page_id=526#breadcrumb\",\"itemListElement\":[{\"@type\":\"ListItem\",\"position\":1,\"name\":\"Anasayfa\",\"item\":\"https:\/\/progeslojistik.com\/?page_id=302\"},{\"@type\":\"ListItem\",\"position\":2,\"name\":\"\u0130leti\u015fim\"}]},{\"@type\":\"WebSite\",\"@id\":\"https:\/\/progeslojistik.com\/#website\",\"url\":\"https:\/\/progeslojistik.com\/\",\"name\":\"Proges Lojistik\",\"description\":\"\",\"publisher\":{\"@id\":\"https:\/\/progeslojistik.com\/#organization\"},\"potentialAction\":[{\"@type\":\"SearchAction\",\"target\":{\"@type\":\"EntryPoint\",\"urlTemplate\":\"https:\/\/progeslojistik.com\/?s={search_term_string}\"},\"query-input\":{\"@type\":\"PropertyValueSpecification\",\"valueRequired\":true,\"valueName\":\"search_term_string\"}}],\"inLanguage\":\"tr\"},{\"@type\":\"Organization\",\"@id\":\"https:\/\/progeslojistik.com\/#organization\",\"name\":\"Proges Lojistik\",\"url\":\"https:\/\/progeslojistik.com\/\",\"logo\":{\"@type\":\"ImageObject\",\"inLanguage\":\"tr\",\"@id\":\"https:\/\/progeslojistik.com\/#\/schema\/logo\/image\/\",\"url\":\"https:\/\/progeslojistik.com\/wp-content\/uploads\/2025\/01\/cropped-progeslogo.png\",\"contentUrl\":\"https:\/\/progeslojistik.com\/wp-content\/uploads\/2025\/01\/cropped-progeslogo.png\",\"width\":105,\"height\":105,\"caption\":\"Proges Lojistik\"},\"image\":{\"@id\":\"https:\/\/progeslojistik.com\/#\/schema\/logo\/image\/\"}}]}<\/script>\n<!-- \/ Yoast SEO plugin. -->","yoast_head_json":{"title":"\u0130leti\u015fim - Proges Lojistik","robots":{"index":"index","follow":"follow","max-snippet":"max-snippet:-1","max-image-preview":"max-image-preview:large","max-video-preview":"max-video-preview:-1"},"canonical":"https:\/\/progeslojistik.com\/?page_id=526","og_locale":"tr_TR","og_type":"article","og_title":"\u0130leti\u015fim - Proges Lojistik","og_description":"Telefon Numaras\u0131: 0 (212) 993-1372 Mail: info@progeslojistik.com Adres:Atak\u00f6y 7-8-9-10. K\u0131s\u0131m Mah. \u00c7oban\u00e7e\u015fme E-5 Yanyol Cad. No:20\/1 Atak\u00f6y Towers A Blok Kat:6 \u0130\u00e7 Kap\u0131 No:109 Bak\u0131rk\u00f6y, \u0130stanbul Friday Night Funkin","og_url":"https:\/\/progeslojistik.com\/?page_id=526","og_site_name":"Proges Lojistik","article_modified_time":"2025-09-09T17:31:35+00:00","twitter_card":"summary_large_image","twitter_misc":{"Tahmini okuma s\u00fcresi":"1 dakika"},"schema":{"@context":"https:\/\/schema.org","@graph":[{"@type":"WebPage","@id":"https:\/\/progeslojistik.com\/?page_id=526","url":"https:\/\/progeslojistik.com\/?page_id=526","name":"\u0130leti\u015fim - Proges Lojistik","isPartOf":{"@id":"https:\/\/progeslojistik.com\/#website"},"datePublished":"2025-01-14T13:17:58+00:00","dateModified":"2025-09-09T17:31:35+00:00","breadcrumb":{"@id":"https:\/\/progeslojistik.com\/?page_id=526#breadcrumb"},"inLanguage":"tr","potentialAction":[{"@type":"ReadAction","target":["https:\/\/progeslojistik.com\/?page_id=526"]}]},{"@type":"BreadcrumbList","@id":"https:\/\/progeslojistik.com\/?page_id=526#breadcrumb","itemListElement":[{"@type":"ListItem","position":1,"name":"Anasayfa","item":"https:\/\/progeslojistik.com\/?page_id=302"},{"@type":"ListItem","position":2,"name":"\u0130leti\u015fim"}]},{"@type":"WebSite","@id":"https:\/\/progeslojistik.com\/#website","url":"https:\/\/progeslojistik.com\/","name":"Proges Lojistik","description":"","publisher":{"@id":"https:\/\/progeslojistik.com\/#organization"},"potentialAction":[{"@type":"SearchAction","target":{"@type":"EntryPoint","urlTemplate":"https:\/\/progeslojistik.com\/?s={search_term_string}"},"query-input":{"@type":"PropertyValueSpecification","valueRequired":true,"valueName":"search_term_string"}}],"inLanguage":"tr"},{"@type":"Organization","@id":"https:\/\/progeslojistik.com\/#organization","name":"Proges Lojistik","url":"https:\/\/progeslojistik.com\/","logo":{"@type":"ImageObject","inLanguage":"tr","@id":"https:\/\/progeslojistik.com\/#\/schema\/logo\/image\/","url":"https:\/\/progeslojistik.com\/wp-content\/uploads\/2025\/01\/cropped-progeslogo.png","contentUrl":"https:\/\/progeslojistik.com\/wp-content\/uploads\/2025\/01\/cropped-progeslogo.png","width":105,"height":105,"caption":"Proges Lojistik"},"image":{"@id":"https:\/\/progeslojistik.com\/#\/schema\/logo\/image\/"}}]}},"_links":{"self":[{"href":"https:\/\/progeslojistik.com\/index.php?rest_route=\/wp\/v2\/pages\/526","targetHints":{"allow":["GET"]}}],"collection":[{"href":"https:\/\/progeslojistik.com\/index.php?rest_route=\/wp\/v2\/pages"}],"about":[{"href":"https:\/\/progeslojistik.com\/index.php?rest_route=\/wp\/v2\/types\/page"}],"author":[{"embeddable":true,"href":"https:\/\/progeslojistik.com\/index.php?rest_route=\/wp\/v2\/users\/1"}],"replies":[{"embeddable":true,"href":"https:\/\/progeslojistik.com\/index.php?rest_route=%2Fwp%2Fv2%2Fcomments&post=526"}],"version-history":[{"count":5,"href":"https:\/\/progeslojistik.com\/index.php?rest_route=\/wp\/v2\/pages\/526\/revisions"}],"predecessor-version":[{"id":570,"href":"https:\/\/progeslojistik.com\/index.php?rest_route=\/wp\/v2\/pages\/526\/revisions\/570"}],"wp:attachment":[{"href":"https:\/\/progeslojistik.com\/index.php?rest_route=%2Fwp%2Fv2%2Fmedia&parent=526"}],"curies":[{"name":"wp","href":"https:\/\/api.w.org\/{rel}","templated":true}]}}